{"id":195,"date":"2023-07-20T23:35:58","date_gmt":"2023-07-20T23:35:58","guid":{"rendered":"https:\/\/yoleditorial.com\/?page_id=195"},"modified":"2023-07-29T21:07:07","modified_gmt":"2023-07-29T21:07:07","slug":"quienes-somos","status":"publish","type":"page","link":"https:\/\/yoleditorial.com\/index.php\/quienes-somos\/","title":{"rendered":"QUI\u00c9NES SOMOS"},"content":{"rendered":"<p>[et_pb_section fb_built=\u00bb1&#8243; admin_label=\u00bbFeatures\u00bb _builder_version=\u00bb4.7.7&#8243; _module_preset=\u00bbdefault\u00bb background_color=\u00bb#000000&#8243; background_enable_video_mp4=\u00bboff\u00bb background_video_webm=\u00bbhttp:\/\/yoleditorial.com\/wp-content\/uploads\/2023\/07\/iStock-92601696-01.mp4&#8243; custom_padding=\u00bb317px|||||\u00bb locked=\u00bboff\u00bb collapsed=\u00bbon\u00bb][et_pb_row make_equal=\u00bbon\u00bb _builder_version=\u00bb4.7.7&#8243; _module_preset=\u00bbdefault\u00bb custom_margin=\u00bb||||false|false\u00bb custom_padding=\u00bb||||false|false\u00bb][et_pb_column type=\u00bb4_4&#8243; _builder_version=\u00bb4.17.0&#8243; _module_preset=\u00bbdefault\u00bb][et_pb_text _builder_version=\u00bb4.7.7&#8243; _module_preset=\u00bbdefault\u00bb text_font=\u00bbOpen Sans|700|||||||\u00bb text_text_color=\u00bb#ffffff\u00bb text_font_size=\u00bb43px\u00bb text_orientation=\u00bbcenter\u00bb custom_margin=\u00bb-11px|||||\u00bb]<\/p>\n<p>\u00bfQUI\u00c9NES SOMOS?<\/p>\n<p>[\/et_pb_text][\/et_pb_column][\/et_pb_row][et_pb_row _builder_version=\u00bb4.17.3&#8243; _module_preset=\u00bbdefault\u00bb][et_pb_column type=\u00bb4_4&#8243; _builder_version=\u00bb4.17.3&#8243; _module_preset=\u00bbdefault\u00bb][et_pb_text _builder_version=\u00bb4.7.7&#8243; _module_preset=\u00bbdefault\u00bb text_font=\u00bbAdvent Pro||||||||\u00bb text_text_color=\u00bb#f3d66d\u00bb header_text_color=\u00bb#f3d66d\u00bb text_orientation=\u00bbcenter\u00bb hover_enabled=\u00bb0&#8243; width=\u00bb90%\u00bb max_width=\u00bb90%\u00bb sticky_enabled=\u00bb0&#8243;]<\/p>\n<h1>Somos una editorial dedicada a fomentar la creatividad, la imaginaci\u00f3n y el conocimiento a trav\u00e9s de la publicaci\u00f3n de obras literarias de calidad. Nuestra misi\u00f3n es ofrecer una plataforma para que autores talentosos puedan compartir sus historias y conocimientos con el mundo, llegando a lectores \u00e1vidos de nuevas experiencias.<\/h1>\n<p>[\/et_pb_text][\/et_pb_column][\/et_pb_row][\/et_pb_section][et_pb_section fb_built=\u00bb1&#8243; admin_label=\u00bbProfile\u00bb _builder_version=\u00bb4.17.3&#8243; _module_preset=\u00bbdefault\u00bb background_color=\u00bb#000000&#8243; use_background_color_gradient=\u00bbon\u00bb background_color_gradient_type=\u00bbcircular\u00bb collapsed=\u00bboff\u00bb][et_pb_row _builder_version=\u00bb4.17.3&#8243; _module_preset=\u00bbdefault\u00bb][et_pb_column type=\u00bb4_4&#8243; _builder_version=\u00bb4.17.0&#8243; _module_preset=\u00bbdefault\u00bb][et_pb_text _builder_version=\u00bb4.7.7&#8243; _module_preset=\u00bbb327cbe4-b1d5-4b66-ad37-40c8f2f061ba\u00bb text_font=\u00bbOpen Sans|600|||||||\u00bb text_text_color=\u00bb#ffffff\u00bb text_font_size=\u00bb13px\u00bb header_font=\u00bbOpen Sans|700|||||||\u00bb header_text_align=\u00bbcenter\u00bb header_font_size=\u00bb36px\u00bb header_2_font=\u00bbPT Sans|700|||||||\u00bb header_2_text_align=\u00bbcenter\u00bb header_2_text_color=\u00bb#FFFFFF\u00bb header_2_font_size=\u00bb48px\u00bb header_2_line_height=\u00bb1.35em\u00bb text_orientation=\u00bbcenter\u00bb background_layout=\u00bbdark\u00bb width_tablet=\u00bb100%\u00bb width_phone=\u00bb100%\u00bb width_last_edited=\u00bboff|desktop\u00bb module_alignment=\u00bbcenter\u00bb custom_margin=\u00bb||0px||false|false\u00bb header_2_font_size_tablet=\u00bb30px\u00bb header_2_font_size_phone=\u00bb22px\u00bb header_2_font_size_last_edited=\u00bbon|phone\u00bb locked=\u00bboff\u00bb]<\/p>\n<h1>NUESTRA VISI\u00d3N<\/h1>\n<p>[\/et_pb_text][\/et_pb_column][\/et_pb_row][et_pb_row _builder_version=\u00bb4.7.7&#8243; _module_preset=\u00bbdefault\u00bb][et_pb_column type=\u00bb4_4&#8243; _builder_version=\u00bb4.7.7&#8243; _module_preset=\u00bbdefault\u00bb][et_pb_text _builder_version=\u00bb4.7.7&#8243; _module_preset=\u00bbdefault\u00bb text_font=\u00bbOpen Sans||||||||\u00bb text_text_color=\u00bb#ffffff\u00bb text_font_size=\u00bb20px\u00bb text_orientation=\u00bbcenter\u00bb hover_enabled=\u00bb0&#8243; sticky_enabled=\u00bb0&#8243;]Nuestra visi\u00f3n es ser reconocidos como una editorial l\u00edder en el \u00e1mbito cient\u00edfico, destac\u00e1ndonos por la excelencia en la selecci\u00f3n de contenido, la rigurosidad acad\u00e9mica y la innovaci\u00f3n editorial. Aspiramos a impulsar el progreso y la transformaci\u00f3n social a trav\u00e9s de la difusi\u00f3n de conocimientos cient\u00edficos y la promoci\u00f3n de debates e intercambio de ideas entre expertos y acad\u00e9micos de diversas disciplinas. Queremos ser un aliado confiable y valioso para la comunidad acad\u00e9mica y cient\u00edfica, brindando un aporte significativo al avance del conocimiento en nuestras \u00e1reas tem\u00e1ticas.[\/et_pb_text][\/et_pb_column][\/et_pb_row][\/et_pb_section][et_pb_section fb_built=\u00bb1&#8243; admin_label=\u00bbFeatures\u00bb _builder_version=\u00bb4.7.7&#8243; _module_preset=\u00bbdefault\u00bb background_color=\u00bb#000000&#8243; use_background_color_gradient=\u00bbon\u00bb background_color_gradient_start=\u00bb#242424&#8243; background_color_gradient_end=\u00bb#000000&#8243; background_color_gradient_type=\u00bbradial\u00bb background_color_gradient_direction_radial=\u00bbright\u00bb background_color_gradient_end_position=\u00bb32%\u00bb locked=\u00bboff\u00bb collapsed=\u00bbon\u00bb][et_pb_row make_equal=\u00bbon\u00bb _builder_version=\u00bb4.7.7&#8243; _module_preset=\u00bbdefault\u00bb width=\u00bb90%\u00bb max_width=\u00bb1325px\u00bb custom_margin=\u00bb|auto|-32px|auto||\u00bb][et_pb_column type=\u00bb4_4&#8243; _builder_version=\u00bb4.17.0&#8243; _module_preset=\u00bbdefault\u00bb][et_pb_text _builder_version=\u00bb4.7.7&#8243; _module_preset=\u00bbdefault\u00bb text_font=\u00bbOpen Sans|700|||||||\u00bb text_text_color=\u00bb#ffffff\u00bb text_font_size=\u00bb18px\u00bb header_font=\u00bbOpen Sans|700|||||||\u00bb text_orientation=\u00bbcenter\u00bb background_layout=\u00bbdark\u00bb custom_margin=\u00bb||33px|||\u00bb custom_padding=\u00bb||0px|||\u00bb]<\/p>\n<h1><span>NUESTRA MISI\u00d3N<\/span><\/h1>\n<p>[\/et_pb_text][et_pb_text _builder_version=\u00bb4.7.7&#8243; _module_preset=\u00bbdefault\u00bb text_font=\u00bbOpen Sans||||||||\u00bb text_text_color=\u00bb#ffffff\u00bb text_font_size=\u00bb20px\u00bb text_orientation=\u00bbcenter\u00bb custom_margin=\u00bb||112px|||\u00bb custom_padding=\u00bb||0px|||\u00bb hover_enabled=\u00bb0&#8243; sticky_enabled=\u00bb0&#8243;]Nuestra misi\u00f3n es ser un referente en la publicaci\u00f3n de libros y monograf\u00edas cient\u00edficas de alta calidad que promuevan la difusi\u00f3n del conocimiento especializado en diversas \u00e1reas de la vida. Nos comprometemos a brindar a nuestros autores una plataforma confiable y prestigiosa para compartir sus investigaciones y contribuciones acad\u00e9micas, as\u00ed como a ofrecer a nuestros lectores acceso a contenidos relevantes y actualizados que les permitan ampliar sus horizontes intelectuales.[\/et_pb_text][et_pb_text _builder_version=\u00bb4.7.7&#8243; _module_preset=\u00bbdefault\u00bb text_font=\u00bbOpen Sans|700|||||||\u00bb text_text_color=\u00bb#ffffff\u00bb text_font_size=\u00bb18px\u00bb header_font=\u00bbOpen Sans|700|||||||\u00bb text_orientation=\u00bbcenter\u00bb background_layout=\u00bbdark\u00bb custom_margin=\u00bb||2px|||\u00bb custom_padding=\u00bb||0px|||\u00bb]<\/p>\n<h1>OBJETIVOS GENERALES<\/h1>\n<p>[\/et_pb_text][\/et_pb_column][\/et_pb_row][et_pb_row column_structure=\u00bb1_3,1_3,1_3&#8243; _builder_version=\u00bb4.7.7&#8243; _module_preset=\u00bbdefault\u00bb][et_pb_column type=\u00bb1_3&#8243; _builder_version=\u00bb4.7.7&#8243; _module_preset=\u00bbdefault\u00bb][et_pb_toggle title=\u00bbPromover la publicaci\u00f3n de obras individuales y colectivas de investigadores nacionales y extranjeros.\u00bb open_toggle_text_color=\u00bb#ffffff\u00bb closed_toggle_text_color=\u00bb#ffffff\u00bb use_icon_font_size=\u00bbon\u00bb icon_font_size=\u00bb19px\u00bb _builder_version=\u00bb4.7.7&#8243; _module_preset=\u00bbdefault\u00bb title_text_align=\u00bbcenter\u00bb background_color=\u00bb#242424&#8243; hover_enabled=\u00bb0&#8243; title_font_size=\u00bb18px\u00bb sticky_enabled=\u00bb0&#8243;][\/et_pb_toggle][\/et_pb_column][et_pb_column type=\u00bb1_3&#8243; _builder_version=\u00bb4.7.7&#8243; _module_preset=\u00bbdefault\u00bb][et_pb_toggle title=\u00bbDifundir y comercializar la producci\u00f3n cient\u00edfica que se publica a trav\u00e9s de ediciones digitales (e-books) e impresas.\u00bb open_toggle_text_color=\u00bb#ffffff\u00bb closed_toggle_text_color=\u00bb#ffffff\u00bb use_icon_font_size=\u00bbon\u00bb icon_font_size=\u00bb19px\u00bb _builder_version=\u00bb4.7.7&#8243; _module_preset=\u00bbdefault\u00bb title_text_align=\u00bbcenter\u00bb background_color=\u00bb#242424&#8243; hover_enabled=\u00bb0&#8243; title_font_size=\u00bb18px\u00bb sticky_enabled=\u00bb0&#8243;][\/et_pb_toggle][\/et_pb_column][et_pb_column type=\u00bb1_3&#8243; _builder_version=\u00bb4.7.7&#8243; _module_preset=\u00bbdefault\u00bb][et_pb_toggle title=\u00bbPropiciar la indexaci\u00f3n de sus revistas en bases de datos reconocidas a nivel internacional.\u00bb open_toggle_text_color=\u00bb#ffffff\u00bb closed_toggle_text_color=\u00bb#ffffff\u00bb use_icon_font_size=\u00bbon\u00bb icon_font_size=\u00bb19px\u00bb _builder_version=\u00bb4.7.7&#8243; _module_preset=\u00bbdefault\u00bb title_text_align=\u00bbcenter\u00bb background_color=\u00bb#242424&#8243; hover_enabled=\u00bb0&#8243; title_font_size=\u00bb18px\u00bb sticky_enabled=\u00bb0&#8243;][\/et_pb_toggle][\/et_pb_column][\/et_pb_row][et_pb_row column_structure=\u00bb1_3,1_3,1_3&#8243; _builder_version=\u00bb4.7.7&#8243; _module_preset=\u00bbdefault\u00bb][et_pb_column type=\u00bb1_3&#8243; _builder_version=\u00bb4.7.7&#8243; _module_preset=\u00bbdefault\u00bb][et_pb_toggle title=\u00bbFortalecer la cultura editorial en docentes e investigadores en el proceso de escritura de textos cient\u00edficos.\u00bb open_toggle_text_color=\u00bb#ffffff\u00bb closed_toggle_text_color=\u00bb#ffffff\u00bb use_icon_font_size=\u00bbon\u00bb icon_font_size=\u00bb19px\u00bb _builder_version=\u00bb4.7.7&#8243; _module_preset=\u00bbdefault\u00bb title_text_align=\u00bbcenter\u00bb background_color=\u00bb#242424&#8243; hover_enabled=\u00bb0&#8243; title_font_size=\u00bb18px\u00bb sticky_enabled=\u00bb0&#8243;][\/et_pb_toggle][\/et_pb_column][et_pb_column type=\u00bb1_3&#8243; _builder_version=\u00bb4.7.7&#8243; _module_preset=\u00bbdefault\u00bb][et_pb_toggle title=\u00bbAsesorar a instituciones de Educaci\u00f3n Superior para la gesti\u00f3n editorial y la indexaci\u00f3n de revistas cient\u00edficas.\u00bb open_toggle_text_color=\u00bb#ffffff\u00bb closed_toggle_text_color=\u00bb#ffffff\u00bb use_icon_font_size=\u00bbon\u00bb icon_font_size=\u00bb19px\u00bb _builder_version=\u00bb4.7.7&#8243; _module_preset=\u00bbdefault\u00bb title_text_align=\u00bbcenter\u00bb background_color=\u00bb#242424&#8243; hover_enabled=\u00bb0&#8243; title_font_size=\u00bb18px\u00bb sticky_enabled=\u00bb0&#8243;][\/et_pb_toggle][\/et_pb_column][et_pb_column type=\u00bb1_3&#8243; _builder_version=\u00bb4.7.7&#8243; _module_preset=\u00bbdefault\u00bb][et_pb_toggle title=\u00bbFomentar el v\u00ednculo con editoriales acad\u00e9micas nacionales y\/o extranjeras.\u00bb open_toggle_text_color=\u00bb#ffffff\u00bb closed_toggle_text_color=\u00bb#ffffff\u00bb use_icon_font_size=\u00bbon\u00bb icon_font_size=\u00bb19px\u00bb _builder_version=\u00bb4.7.7&#8243; _module_preset=\u00bbdefault\u00bb title_text_align=\u00bbcenter\u00bb background_color=\u00bb#242424&#8243; hover_enabled=\u00bb0&#8243; title_font_size=\u00bb18px\u00bb sticky_enabled=\u00bb0&#8243;][\/et_pb_toggle][\/et_pb_column][\/et_pb_row][\/et_pb_section][et_pb_section fb_built=\u00bb1&#8243; _builder_version=\u00bb4.7.7&#8243; _module_preset=\u00bbdefault\u00bb background_color=\u00bb#000000&#8243; custom_padding=\u00bb2px||0px|||\u00bb][et_pb_row _builder_version=\u00bb4.7.7&#8243; _module_preset=\u00bbdefault\u00bb][et_pb_column type=\u00bb4_4&#8243; _builder_version=\u00bb4.7.7&#8243; _module_preset=\u00bbdefault\u00bb][et_pb_text _builder_version=\u00bb4.7.7&#8243; _module_preset=\u00bbdefault\u00bb text_font=\u00bbOpen Sans|700|||||||\u00bb text_text_color=\u00bb#ffffff\u00bb text_font_size=\u00bb18px\u00bb header_font=\u00bbOpen Sans|700|||||||\u00bb text_orientation=\u00bbcenter\u00bb background_layout=\u00bbdark\u00bb custom_margin=\u00bb||2px|||\u00bb custom_padding=\u00bb||0px|||\u00bb]<\/p>\n<h1>\u00daltimos libros publicados&nbsp;<\/h1>\n<p>[\/et_pb_text][\/et_pb_column][\/et_pb_row][\/et_pb_section][et_pb_section fb_built=\u00bb1&#8243; _builder_version=\u00bb4.7.7&#8243; _module_preset=\u00bbdefault\u00bb background_color=\u00bb#000000&#8243; custom_padding=\u00bb||0px|||\u00bb][et_pb_row module_class=\u00bbcafe\u00bb _builder_version=\u00bb4.7.7&#8243; _module_preset=\u00bbdefault\u00bb width=\u00bb100%\u00bb max_width=\u00bb100%\u00bb overflow-x=\u00bbhidden\u00bb overflow-y=\u00bbhidden\u00bb][et_pb_column type=\u00bb4_4&#8243; module_class=\u00bbicecream-items slider\u00bb _builder_version=\u00bb4.7.7&#8243; _module_preset=\u00bbdefault\u00bb][et_pb_cta _builder_version=\u00bb4.7.7&#8243; _module_preset=\u00bbdefault\u00bb background_color=\u00bb#000000&#8243; background_image=\u00bbhttp:\/\/yoleditorial.com\/wp-content\/uploads\/2023\/07\/Mesa-de-trabajo-5.png\u00bb background_size=\u00bbcontain\u00bb width=\u00bb43vw\u00bb min_height=\u00bb43vw\u00bb custom_padding=\u00bb72px||||false|false\u00bb][\/et_pb_cta][et_pb_cta _builder_version=\u00bb4.7.7&#8243; _module_preset=\u00bbdefault\u00bb background_color=\u00bb#000000&#8243; background_image=\u00bbhttp:\/\/yoleditorial.com\/wp-content\/uploads\/2023\/07\/Mesa-de-trabajo-8.png\u00bb background_size=\u00bbcontain\u00bb width=\u00bb43vw\u00bb min_height=\u00bb43vw\u00bb custom_padding=\u00bb72px||||false|false\u00bb][\/et_pb_cta][et_pb_cta _builder_version=\u00bb4.7.7&#8243; _module_preset=\u00bbdefault\u00bb background_color=\u00bb#000000&#8243; background_image=\u00bbhttp:\/\/yoleditorial.com\/wp-content\/uploads\/2023\/07\/Mesa-de-trabajo-7.png\u00bb background_size=\u00bbcontain\u00bb width=\u00bb43vw\u00bb min_height=\u00bb43vw\u00bb custom_padding=\u00bb72px||||false|false\u00bb][\/et_pb_cta][et_pb_cta _builder_version=\u00bb4.7.7&#8243; _module_preset=\u00bbdefault\u00bb background_color=\u00bb#000000&#8243; background_image=\u00bbhttp:\/\/yoleditorial.com\/wp-content\/uploads\/2023\/07\/Mesa-de-trabajo-3.png\u00bb background_size=\u00bbcontain\u00bb width=\u00bb43vw\u00bb min_height=\u00bb43vw\u00bb custom_padding=\u00bb72px||||false|false\u00bb][\/et_pb_cta][et_pb_cta _builder_version=\u00bb4.7.7&#8243; _module_preset=\u00bbdefault\u00bb background_color=\u00bb#000000&#8243; background_image=\u00bbhttp:\/\/yoleditorial.com\/wp-content\/uploads\/2023\/07\/Mesa-de-trabajo-2.png\u00bb background_size=\u00bbcontain\u00bb width=\u00bb43vw\u00bb min_height=\u00bb43vw\u00bb custom_padding=\u00bb72px||||false|false\u00bb][\/et_pb_cta][et_pb_cta _builder_version=\u00bb4.7.7&#8243; _module_preset=\u00bbdefault\u00bb background_color=\u00bb#000000&#8243; background_image=\u00bbhttp:\/\/yoleditorial.com\/wp-content\/uploads\/2023\/07\/Mesa-de-trabajo-1.png\u00bb background_size=\u00bbcontain\u00bb width=\u00bb43vw\u00bb min_height=\u00bb43vw\u00bb custom_padding=\u00bb72px||||false|false\u00bb][\/et_pb_cta][et_pb_cta _builder_version=\u00bb4.7.7&#8243; _module_preset=\u00bbdefault\u00bb background_color=\u00bb#000000&#8243; background_image=\u00bbhttp:\/\/yoleditorial.com\/wp-content\/uploads\/2023\/07\/Mesa-de-trabajo-6.png\u00bb background_size=\u00bbcontain\u00bb width=\u00bb43vw\u00bb min_height=\u00bb43vw\u00bb custom_padding=\u00bb72px||||false|false\u00bb][\/et_pb_cta][\/et_pb_column][\/et_pb_row][et_pb_row _builder_version=\u00bb4.7.7&#8243; _module_preset=\u00bbdefault\u00bb custom_padding=\u00bb||0px|||\u00bb][et_pb_column type=\u00bb4_4&#8243; _builder_version=\u00bb4.7.7&#8243; _module_preset=\u00bbdefault\u00bb][et_pb_code _builder_version=\u00bb4.7.7&#8243; _module_preset=\u00bbdefault\u00bb custom_margin=\u00bb-23px|||||\u00bb]<\/p>\n<style><!-- [et_pb_line_break_holder] -->.slick-slider<!-- [et_pb_line_break_holder] -->{<!-- [et_pb_line_break_holder] -->-webkit-user-select: none;<!-- [et_pb_line_break_holder] -->-moz-user-select: none;<!-- [et_pb_line_break_holder] -->-ms-user-select: none;<!-- [et_pb_line_break_holder] -->user-select: none;<!-- [et_pb_line_break_holder] -->-webkit-touch-callout: none;<!-- [et_pb_line_break_holder] -->-khtml-user-select: none;<!-- [et_pb_line_break_holder] -->ms-touch-action: pan-y;<!-- [et_pb_line_break_holder] -->touch-action: pan-y;<!-- [et_pb_line_break_holder] -->-webkit-tap-highlight-color: transparent;<!-- [et_pb_line_break_holder] -->}<!-- [et_pb_line_break_holder] --> <!-- [et_pb_line_break_holder] -->.slick-slide<!-- [et_pb_line_break_holder] -->{<!-- [et_pb_line_break_holder] -->float: left;<!-- [et_pb_line_break_holder] -->}<!-- [et_pb_line_break_holder] --><\/style>\n<p><!-- [et_pb_line_break_holder] -->[\/et_pb_code][et_pb_code _builder_version=\u00bb4.7.7&#8243; _module_preset=\u00bbdefault\u00bb custom_margin=\u00bb-6px|||||\u00bb]<script><!-- [et_pb_line_break_holder] -->jQuery(function($){<!-- [et_pb_line_break_holder] -->$('.icecream-items').slick({<!-- [et_pb_line_break_holder] -->slidesToShow: 4,<!-- [et_pb_line_break_holder] -->slidesToScroll: 1,<!-- [et_pb_line_break_holder] -->autoplay: true,<!-- [et_pb_line_break_holder] -->autoplaySpeed: 700,<!-- [et_pb_line_break_holder] -->arrows: false,<!-- [et_pb_line_break_holder] -->dots: false,<!-- [et_pb_line_break_holder] -->pauseOnHover: true,<!-- [et_pb_line_break_holder] -->responsive: [{<!-- [et_pb_line_break_holder] -->breakpoint: 1079,<!-- [et_pb_line_break_holder] -->settings: {<!-- [et_pb_line_break_holder] -->slidesToShow: 2<!-- [et_pb_line_break_holder] -->}<!-- [et_pb_line_break_holder] -->}]<!-- [et_pb_line_break_holder] -->});<!-- [et_pb_line_break_holder] -->});<!-- [et_pb_line_break_holder] --><\/script>[\/et_pb_code][\/et_pb_column][\/et_pb_row][\/et_pb_section]<\/p>\n","protected":false},"excerpt":{"rendered":"<p>[et_pb_section fb_built=\u00bb1&#8243; admin_label=\u00bbFeatures\u00bb _builder_version=\u00bb4.7.7&#8243; _module_preset=\u00bbdefault\u00bb background_color=\u00bb#000000&#8243; background_enable_video_mp4=\u00bboff\u00bb background_video_webm=\u00bbhttp:\/\/yoleditorial.com\/wp-content\/uploads\/2023\/07\/iStock-92601696-01.mp4&#8243; custom_padding=\u00bb317px|||||\u00bb locked=\u00bboff\u00bb collapsed=\u00bbon\u00bb][et_pb_row make_equal=\u00bbon\u00bb _builder_version=\u00bb4.7.7&#8243; _module_preset=\u00bbdefault\u00bb custom_margin=\u00bb||||false|false\u00bb custom_padding=\u00bb||||false|false\u00bb][et_pb_column type=\u00bb4_4&#8243; _builder_version=\u00bb4.17.0&#8243; _module_preset=\u00bbdefault\u00bb][et_pb_text _builder_version=\u00bb4.7.7&#8243; _module_preset=\u00bbdefault\u00bb text_font=\u00bbOpen Sans|700|||||||\u00bb text_text_color=\u00bb#ffffff\u00bb text_font_size=\u00bb43px\u00bb text_orientation=\u00bbcenter\u00bb custom_margin=\u00bb-11px|||||\u00bb] \u00bfQUI\u00c9NES SOMOS? [\/et_pb_text][\/et_pb_column][\/et_pb_row][et_pb_row _builder_version=\u00bb4.17.3&#8243; _module_preset=\u00bbdefault\u00bb][et_pb_column type=\u00bb4_4&#8243; _builder_version=\u00bb4.17.3&#8243; _module_preset=\u00bbdefault\u00bb][et_pb_text _builder_version=\u00bb4.7.7&#8243; _module_preset=\u00bbdefault\u00bb text_font=\u00bbAdvent Pro||||||||\u00bb text_text_color=\u00bb#f3d66d\u00bb header_text_color=\u00bb#f3d66d\u00bb text_orientation=\u00bbcenter\u00bb hover_enabled=\u00bb0&#8243; width=\u00bb90%\u00bb max_width=\u00bb90%\u00bb sticky_enabled=\u00bb0&#8243;] Somos una editorial dedicada a fomentar la creatividad, la [&hellip;]<\/p>\n","protected":false},"author":1,"featured_media":0,"parent":0,"menu_order":0,"comment_status":"closed","ping_status":"closed","template":"","meta":{"_et_pb_use_builder":"on","_et_pb_old_content":"","_et_gb_content_width":"","footnotes":""},"class_list":["post-195","page","type-page","status-publish","hentry"],"_links":{"self":[{"href":"https:\/\/yoleditorial.com\/index.php\/wp-json\/wp\/v2\/pages\/195","targetHints":{"allow":["GET"]}}],"collection":[{"href":"https:\/\/yoleditorial.com\/index.php\/wp-json\/wp\/v2\/pages"}],"about":[{"href":"https:\/\/yoleditorial.com\/index.php\/wp-json\/wp\/v2\/types\/page"}],"author":[{"embeddable":true,"href":"https:\/\/yoleditorial.com\/index.php\/wp-json\/wp\/v2\/users\/1"}],"replies":[{"embeddable":true,"href":"https:\/\/yoleditorial.com\/index.php\/wp-json\/wp\/v2\/comments?post=195"}],"version-history":[{"count":17,"href":"https:\/\/yoleditorial.com\/index.php\/wp-json\/wp\/v2\/pages\/195\/revisions"}],"predecessor-version":[{"id":593,"href":"https:\/\/yoleditorial.com\/index.php\/wp-json\/wp\/v2\/pages\/195\/revisions\/593"}],"wp:attachment":[{"href":"https:\/\/yoleditorial.com\/index.php\/wp-json\/wp\/v2\/media?parent=195"}],"curies":[{"name":"wp","href":"https:\/\/api.w.org\/{rel}","templated":true}]}}