{"id":612,"date":"2024-03-14T02:58:04","date_gmt":"2024-03-14T02:58:04","guid":{"rendered":"https:\/\/yoleditorial.com\/?page_id=612"},"modified":"2025-10-01T16:21:21","modified_gmt":"2025-10-01T21:21:21","slug":"catalogo","status":"publish","type":"page","link":"https:\/\/yoleditorial.com\/index.php\/catalogo\/","title":{"rendered":"CAT\u00c1LOGO"},"content":{"rendered":"<p>[et_pb_section fb_built=\u00bb1&#8243; fullwidth=\u00bbon\u00bb _builder_version=\u00bb4.7.7&#8243; _module_preset=\u00bbdefault\u00bb background_color=\u00bb#000000&#8243; background_image=\u00bbhttp:\/\/yoleditorial.com\/wp-content\/uploads\/2023\/07\/iStock-1020014072.jpg\u00bb][et_pb_fullwidth_slider _builder_version=\u00bb4.7.7&#8243; _module_preset=\u00bbdefault\u00bb custom_padding=\u00bb||82px|||\u00bb][et_pb_slide heading=\u00bb\u00a1Bienvenidos al cat\u00e1logo de YOL Editorial!\u00bb _builder_version=\u00bb4.7.7&#8243; _module_preset=\u00bbdefault\u00bb header_font=\u00bbAdvent Pro|600|||||||\u00bb header_font_size=\u00bb55px\u00bb body_font_size=\u00bb19px\u00bb use_background_color_gradient=\u00bbon\u00bb background_color_gradient_start=\u00bb#000000&#8243; background_color_gradient_end=\u00bbrgba(0,0,0,0.55)\u00bb background_color_gradient_overlays_image=\u00bbon\u00bb background_image=\u00bbhttp:\/\/yoleditorial.com\/wp-content\/uploads\/2023\/07\/generos-literarios-diseno-sin-titulo.png\u00bb background_enable_image=\u00bbon\u00bb width=\u00bb90%\u00bb max_width=\u00bb90%\u00bb body_font_size_tablet=\u00bb\u00bb body_font_size_phone=\u00bb14px\u00bb body_font_size_last_edited=\u00bbon|desktop\u00bb sticky_transition=\u00bbon\u00bb]<\/p>\n<p><span role=\"presentation\" dir=\"ltr\"><\/span><\/p>\n<p>&nbsp;<\/p>\n<p>&nbsp;<\/p>\n<p>&nbsp;<\/p>\n<p><em><span role=\"presentation\" dir=\"ltr\">Aqu\u00ed encontrar\u00e1s libros variados y <\/span><\/em><br role=\"presentation\" \/><em><span role=\"presentation\" dir=\"ltr\">fascinantes relacionados con diversos temas. Nuestra intenci\u00f3n es difundir conocimiento\u00a0<\/span><\/em><em><span role=\"presentation\" dir=\"ltr\">que inspire a todos los amantes de la<\/span><\/em><br role=\"presentation\" \/><em><span role=\"presentation\" dir=\"ltr\">escritura y la lectura.<\/span><\/em><\/p>\n<p>&nbsp;<\/p>\n<p>&nbsp;<\/p>\n<p>&nbsp;<\/p>\n<p>[\/et_pb_slide][et_pb_slide heading=\u00bbPublica con nosotros\u00bb _builder_version=\u00bb4.7.7&#8243; _module_preset=\u00bbdefault\u00bb body_font_size=\u00bb19px\u00bb background_color=\u00bb#000000&#8243; background_enable_color=\u00bbon\u00bb use_background_color_gradient=\u00bbon\u00bb background_color_gradient_start=\u00bbrgba(0,0,0,0.64)\u00bb background_color_gradient_end=\u00bb#000000&#8243; background_color_gradient_overlays_image=\u00bbon\u00bb background_image=\u00bbhttp:\/\/yoleditorial.com\/wp-content\/uploads\/2023\/07\/iStock-1020014072.jpg\u00bb background_enable_image=\u00bbon\u00bb body_font_size_tablet=\u00bb\u00bb body_font_size_phone=\u00bb14px\u00bb body_font_size_last_edited=\u00bbon|tablet\u00bb sticky_transition=\u00bbon\u00bb]<\/p>\n<p><span>\u00a1\u00danete a nosotros y comparte tu talento con el mundo! En YOL Editorial, te brindamos la oportunidad de dar vida a tus sue\u00f1os literarios. Nuestro equipo de profesionales apasionados y dedicados te acompa\u00f1ar\u00e1 en cada paso del proceso de publicaci\u00f3n, desde la revisi\u00f3n hasta la distribuci\u00f3n. S\u00e9 parte de nuestra comunidad de escritores y d\u00e9janos ayudarte a alcanzar nuevas alturas en tu carrera literaria. \u00a1Es hora de compartir tu historia con el mundo!<\/span><\/p>\n<p>[\/et_pb_slide][\/et_pb_fullwidth_slider][\/et_pb_section][et_pb_section fb_built=\u00bb1&#8243; _builder_version=\u00bb4.7.7&#8243; _module_preset=\u00bbdefault\u00bb background_color=\u00bb#0a0a0a\u00bb hover_enabled=\u00bb0&#8243; sticky_enabled=\u00bb0&#8243;][et_pb_row _builder_version=\u00bb4.7.7&#8243; _module_preset=\u00bbdefault\u00bb hover_enabled=\u00bb0&#8243; sticky_enabled=\u00bb0&#8243;][et_pb_column type=\u00bb4_4&#8243; _builder_version=\u00bb4.7.7&#8243; _module_preset=\u00bbdefault\u00bb hover_enabled=\u00bb0&#8243; sticky_enabled=\u00bb0&#8243;][et_pb_blog_extras use_category_filterable_blog=\u00bbon\u00bb posts_number=\u00bb100&#8243; include_categories=\u00bb11&#8243; blog_layout=\u00bbfull_width\u00bb read_more_text=\u00bbLeer m\u00e1s\u00bb show_author=\u00bboff\u00bb show_date=\u00bboff\u00bb category_color=\u00bb#ffffff\u00bb show_comments=\u00bboff\u00bb content_color=\u00bb#ffffff\u00bb _builder_version=\u00bb4.7.7&#8243; _module_preset=\u00bbdefault\u00bb header_text_color=\u00bb#ffffff\u00bb background_color=\u00bb#0a0a0a\u00bb hover_enabled=\u00bb0&#8243; sticky_enabled=\u00bb0&#8243;][\/et_pb_blog_extras][\/et_pb_column][\/et_pb_row][\/et_pb_section]<\/p>\n","protected":false},"excerpt":{"rendered":"<p>[et_pb_section fb_built=\u00bb1&#8243; fullwidth=\u00bbon\u00bb _builder_version=\u00bb4.7.7&#8243; _module_preset=\u00bbdefault\u00bb background_color=\u00bb#000000&#8243; background_image=\u00bbhttp:\/\/yoleditorial.com\/wp-content\/uploads\/2023\/07\/iStock-1020014072.jpg\u00bb][et_pb_fullwidth_slider _builder_version=\u00bb4.7.7&#8243; _module_preset=\u00bbdefault\u00bb custom_padding=\u00bb||82px|||\u00bb][et_pb_slide heading=\u00bb\u00a1Bienvenidos al cat\u00e1logo de YOL Editorial!\u00bb _builder_version=\u00bb4.7.7&#8243; _module_preset=\u00bbdefault\u00bb header_font=\u00bbAdvent Pro|600|||||||\u00bb header_font_size=\u00bb55px\u00bb body_font_size=\u00bb19px\u00bb use_background_color_gradient=\u00bbon\u00bb background_color_gradient_start=\u00bb#000000&#8243; background_color_gradient_end=\u00bbrgba(0,0,0,0.55)\u00bb background_color_gradient_overlays_image=\u00bbon\u00bb background_image=\u00bbhttp:\/\/yoleditorial.com\/wp-content\/uploads\/2023\/07\/generos-literarios-diseno-sin-titulo.png\u00bb background_enable_image=\u00bbon\u00bb width=\u00bb90%\u00bb max_width=\u00bb90%\u00bb body_font_size_tablet=\u00bb\u00bb body_font_size_phone=\u00bb14px\u00bb body_font_size_last_edited=\u00bbon|desktop\u00bb sticky_transition=\u00bbon\u00bb] &nbsp; &nbsp; &nbsp; Aqu\u00ed encontrar\u00e1s libros variados y fascinantes relacionados con diversos temas. Nuestra intenci\u00f3n es difundir conocimiento\u00a0que inspire a todos [&hellip;]<\/p>\n","protected":false},"author":1,"featured_media":0,"parent":0,"menu_order":0,"comment_status":"closed","ping_status":"closed","template":"","meta":{"_et_pb_use_builder":"on","_et_pb_old_content":"","_et_gb_content_width":"","footnotes":""},"class_list":["post-612","page","type-page","status-publish","hentry"],"_links":{"self":[{"href":"https:\/\/yoleditorial.com\/index.php\/wp-json\/wp\/v2\/pages\/612","targetHints":{"allow":["GET"]}}],"collection":[{"href":"https:\/\/yoleditorial.com\/index.php\/wp-json\/wp\/v2\/pages"}],"about":[{"href":"https:\/\/yoleditorial.com\/index.php\/wp-json\/wp\/v2\/types\/page"}],"author":[{"embeddable":true,"href":"https:\/\/yoleditorial.com\/index.php\/wp-json\/wp\/v2\/users\/1"}],"replies":[{"embeddable":true,"href":"https:\/\/yoleditorial.com\/index.php\/wp-json\/wp\/v2\/comments?post=612"}],"version-history":[{"count":8,"href":"https:\/\/yoleditorial.com\/index.php\/wp-json\/wp\/v2\/pages\/612\/revisions"}],"predecessor-version":[{"id":881,"href":"https:\/\/yoleditorial.com\/index.php\/wp-json\/wp\/v2\/pages\/612\/revisions\/881"}],"wp:attachment":[{"href":"https:\/\/yoleditorial.com\/index.php\/wp-json\/wp\/v2\/media?parent=612"}],"curies":[{"name":"wp","href":"https:\/\/api.w.org\/{rel}","templated":true}]}}